{"id":19,"date":"2014-11-14T11:28:38","date_gmt":"2014-11-14T09:28:38","guid":{"rendered":"http:\/\/isa.berners.at\/?page_id=19"},"modified":"2016-03-10T19:21:45","modified_gmt":"2016-03-10T17:21:45","slug":"yogatherapie","status":"publish","type":"page","link":"https:\/\/www.shivayoga.at\/?page_id=19","title":{"rendered":"Yogatherapie"},"content":{"rendered":"<p>Yogatherapie eignet sich hervorragend bei Problemen mit dem Bewegungsapparat, bei Verspannungen aller Art.<\/p>\n<p>Du hast gesundheitliche Probleme und m\u00f6chtest mithilfe von Yoga etwas f\u00fcr dich tun? R\u00fcckenschmerzen, Probleme mit den Bandscheiben, der Wirbels\u00e4ule, oder dem Bewegungsapparat, oder Verspannungen? Dann ist die Yogatherapie genau das richtige f\u00fcr dich!<\/p>\n<p>Yogatherapie ist ein individuell zugeschnittenes Programm, das genau f\u00fcr dich und dein Schmerzthema zugeschnitten ist. Du bist an deinem Heilungsprozess aktiv beteiligt, indem du dieses Yogaprogramm t\u00e4glich zu Hause mindestens 1x\/ Tag durchf\u00fchrst und du wirst bald sehen, dass sich eine deutliche Besserung einstellt!<\/p>\n<p>Auch Schlafprobleme, Depressionen und Konzentrationsschwierig<a href=\"http:\/\/www.shivayoga.at\/wp-content\/uploads\/2014\/11\/image2.jpg\"><img loading=\"lazy\" decoding=\"async\" class=\"alignright size-thumbnail wp-image-143\" src=\"http:\/\/www.shivayoga.at\/wp-content\/uploads\/2014\/11\/image2-150x150.jpg\" alt=\"image\" width=\"150\" height=\"150\" \/><\/a>keiten k\u00f6nnen gut mit Yoga und Meditation begleitet werden.<\/p>\n<p><b>Eine Yogatherapie ersetzt keinen Arzt und Medikamente<\/b>! Bitte kl\u00e4re unbedingt mit deinem Arzt, ob eine Yogatherapie in Frage kommt!<\/p>\n<div><\/div>\n","protected":false},"excerpt":{"rendered":"<p>Yogatherapie eignet sich hervorragend bei Problemen mit dem Bewegungsapparat, bei Verspannungen aller Art. Du hast gesundheitliche Probleme und m\u00f6chtest mithilfe von Yoga etwas f\u00fcr dich tun? R\u00fcckenschmerzen, Probleme mit den Bandscheiben, der Wirbels\u00e4ule, oder dem Bewegungsapparat, oder Verspannungen? Dann ist die Yogatherapie genau das richtige f\u00fcr dich! Yogatherapie ist ein individuell zugeschnittenes Programm, das genau [&hellip;]<\/p>\n","protected":false},"author":2,"featured_media":0,"parent":0,"menu_order":3,"comment_status":"closed","ping_status":"closed","template":"","meta":{"footnotes":""},"class_list":["post-19","page","type-page","status-publish","hentry"],"_links":{"self":[{"href":"https:\/\/www.shivayoga.at\/index.php?rest_route=\/wp\/v2\/pages\/19","targetHints":{"allow":["GET"]}}],"collection":[{"href":"https:\/\/www.shivayoga.at\/index.php?rest_route=\/wp\/v2\/pages"}],"about":[{"href":"https:\/\/www.shivayoga.at\/index.php?rest_route=\/wp\/v2\/types\/page"}],"author":[{"embeddable":true,"href":"https:\/\/www.shivayoga.at\/index.php?rest_route=\/wp\/v2\/users\/2"}],"replies":[{"embeddable":true,"href":"https:\/\/www.shivayoga.at\/index.php?rest_route=%2Fwp%2Fv2%2Fcomments&post=19"}],"version-history":[{"count":16,"href":"https:\/\/www.shivayoga.at\/index.php?rest_route=\/wp\/v2\/pages\/19\/revisions"}],"predecessor-version":[{"id":218,"href":"https:\/\/www.shivayoga.at\/index.php?rest_route=\/wp\/v2\/pages\/19\/revisions\/218"}],"wp:attachment":[{"href":"https:\/\/www.shivayoga.at\/index.php?rest_route=%2Fwp%2Fv2%2Fmedia&parent=19"}],"curies":[{"name":"wp","href":"https:\/\/api.w.org\/{rel}","templated":true}]}}