{"id":21,"date":"2014-11-14T14:17:49","date_gmt":"2014-11-14T12:17:49","guid":{"rendered":"http:\/\/isa.berners.at\/?page_id=21"},"modified":"2019-05-17T17:27:25","modified_gmt":"2019-05-17T15:27:25","slug":"energy-balancing","status":"publish","type":"page","link":"https:\/\/www.shivayoga.at\/?page_id=21","title":{"rendered":"Energiearbeit"},"content":{"rendered":"<h1 class=\"widget-title\"><span style=\"color: #d91c7e;\"><strong>Be balanced<\/strong><\/span><\/h1>\n<p>Energiearbeit ist heilsam und angenehm erfrischend F\u00fcr K\u00f6rper, Geist und Seele. Sie erweitert unsere Wahrnehmung, l\u00e4sst uns Blockaden aufl\u00f6sen und<img loading=\"lazy\" decoding=\"async\" class=\"alignright wp-image-384\" src=\"http:\/\/www.shivayoga.at\/wp-content\/uploads\/2014\/11\/Shotshop_oax-fzc-300x200.jpg\" alt=\"\" width=\"234\" height=\"156\" \/> somit leichter und befreiter unseren Lebensweg voranschreiten.<\/p>\n<p>Immer wenn wir das Gef\u00fchl haben festgefahren zu sein, in einer Sackgasse zu stecken, wenn wir nicht wissen wie es weitergehen soll, dann hilft uns die Arbeit in unserem Energiefeld m\u00f6gliche stagnierende Energien ins Flie\u00dfen zu bringen, und tiefer zu uns selbst zu finden.<\/p>\n<p>Wir beginnen mit einer ausf\u00fchlichen Erfassung deiner Situation bei einem pers\u00f6nlichen Erstgespr\u00e4ch. Ich scanne das Energielevel deiner Aura, Chakren und Meridiane und danach werten wir die Ergebnisse aus und erstellen einen Plan zur Ausgleichung und Harmonisierung deines Energiefeldes. Es k\u00f6nnen auch mehrere energetische Sitzungen n\u00f6tig sein.<\/p>\n<p>Ich verbinde in meiner Arbeit unter anderem folgende Techniken und arbeite mit jedem\/jeder Klienten\/in intuitiv.<\/p>\n<p><span style=\"color: #000000;\"> <strong>&#8211; Pranic Healing<a href=\"http:\/\/www.shivayoga.at\/wp-content\/uploads\/2014\/11\/image3.jpg\"><img loading=\"lazy\" decoding=\"async\" class=\"alignright size-thumbnail wp-image-146\" src=\"http:\/\/www.shivayoga.at\/wp-content\/uploads\/2014\/11\/image3-150x150.jpg\" alt=\"image\" width=\"150\" height=\"150\" \/><\/a><br \/>\n&#8211; Hopi Herzheilung<br \/>\n&#8211; Schmanische Methoden<br \/>\n&#8211; Rainbow Healing<br \/>\n&#8211; Magnified Healing<\/strong><\/span><\/p>\n<p>&nbsp;<\/p>\n<p>In unserem Energiefeld befinden sich mannigfaltige Informationen, und t\u00e4glich prasseln Millionen neuer Informationen auf uns ein, zus\u00e4tzlich befinden sich unsere Gedankenspuren und Gef\u00fchlseindr\u00fccke in unserem Energiefeld. Durch zuviel an Information, zuviel an negativer Information, mag sie von au\u00dfen oder aus uns selbst kommen, manglenden Schlaf, unausgewogene Ern\u00e4hrung, Stress, \u00fcberm\u00e4\u00dfige L\u00e4rmbel\u00e4stigung, Jahreszeitenwechsel, um nur einige Beispiele zu nennen, kann es zu einer \u00dcberlastung des Systems und in Folge zu Krankheit kommen.<\/p>\n<p>Es ist daher das Beste f\u00fcr unseren Energiek\u00f6rper ihn regelm\u00e4\u00dfig zu reinigen und wieder frisch aufzuladen um den K\u00f6rper vor Krankheit zu sch\u00fctzen. Das k\u00f6nnen wir t\u00e4glich tun zum Beispiel, wenn wir Asanas und Atem\u00fcbungen machen, Meditieren,\u00a0 im Wald spazieren gehen, in einem See schwimmen etc.<br \/>\nEs ist jedoch von gro\u00dfem Nutzen alle 2-3 Monate eine energetische Harmonisierung durchzuf\u00fchren um gesund zu bleiben und seine pers\u00f6nliche Entwicklung zu unterst\u00fctzen.<br \/>\nBei jeder Form der Energiearbeit werden die Chakren oder die Aura (der Energiek\u00f6rper) zuerst gereinigt und danach wieder mit frischem Prana (Lebensenergie) aufgeladen.<\/p>\n<p><strong>Krankheit<a href=\"http:\/\/www.shivayoga.at\/wp-content\/uploads\/2014\/11\/Rainbow.jpg\" rel=\"attachment wp-att-237\"><img loading=\"lazy\" decoding=\"async\" class=\"alignright wp-image-237\" src=\"http:\/\/www.shivayoga.at\/wp-content\/uploads\/2014\/11\/Rainbow-237x300.jpg\" alt=\"Rainbow\" width=\"152\" height=\"192\" srcset=\"https:\/\/www.shivayoga.at\/wp-content\/uploads\/2014\/11\/Rainbow-237x300.jpg 237w, https:\/\/www.shivayoga.at\/wp-content\/uploads\/2014\/11\/Rainbow-768x970.jpg 768w, https:\/\/www.shivayoga.at\/wp-content\/uploads\/2014\/11\/Rainbow-810x1024.jpg 810w, https:\/\/www.shivayoga.at\/wp-content\/uploads\/2014\/11\/Rainbow-624x788.jpg 624w\" sizes=\"auto, (max-width: 152px) 100vw, 152px\" \/><\/a><\/strong><br \/>\nSollten wir bereits krank sein, dann k\u00f6nnen wir durch reinigen und aufladen des Energiek\u00f6rpers den Heilungsprozess immens f\u00f6rdern und beschleunigen und vor allem den K\u00f6rper sehr unterst\u00fctzen.<br \/>\nGerade bei k\u00f6rperlichen Beschwerden f\u00fchlen wir uns meistens zu schwach um selbst diese Reinigung vorzunehmen, da ist es wunderbar, wenn wir uns behandeln lassen k\u00f6nnen.<\/p>\n<p>Egal ob es sich um Schlafprobleme, Ersch\u00f6pfung, Kopfschmerzen, Allergien, oder schwere Krankheiten wie etwa Krebs handelt, eine unterst\u00fctzende energetische Behandlung lindert auf jeden Fall Beschwerden und hilft dem System sein Gleichgewicht zu halten. Jede Krankheit (energetische Imbalance)\u00a0 l\u00e4sst sich lindern.<\/p>\n<p>Heilung geschieht immer innerhalb des Systems, von au\u00dfen k\u00f6nnen nur Anst\u00f6\u00dfe gegeben werden, damit das System wieder zu seiner urspr\u00fcnglichen Balance findet. In jeder Situation ist immer auch die M\u00f6glichkeit f\u00fcr ihr Gegenteil enthalten, somit ist jeder Krankheit auch die M\u00f6glichkeit ihrer Heilung zu eigen. Wenn wir uns auf unseren K\u00f6rper, unsere Seele und ihre Botschaften einlassen und dementsprechend Ver\u00e4nderungen unternehmen und unsere Lektionen mit Freude annehmen k\u00f6nnen, dann \u00f6ffnet sich das Tor zur Heilung und Heilwerdung auf allen Ebenen.<\/p>\n<p>Voraussetzung ist, dass wir selbst aktiv etwas zur Genesung beitragen und unsere Lebensfreude n\u00e4hren. Oft ist eine Ern\u00e4hrungsumstellung auf pflanzliche Kost ratsam, da der K\u00f6rper somit entschlacken kann und die N\u00e4hrstoffe der Nahrung besser zur Heilung verwertet werden k\u00f6nnen.<\/p>\n<p>Durch intensive Arbeit in der Aura und den Chakren auf allen Ebenen kann Harmonie nachhaltig eintreten.<\/p>\n<p><strong>\u00dcberlastung des Systems<\/strong><br \/>\nNicht nur bei k\u00f6rperlichen Beschwerden wirkt Energiearbeit heilsam, sondern auch bei emotionalen Problemen aller Art. Eine gereinigte Aura f\u00fchlt sich gleich viel leichter an und die Probleme erscheinen pl\u00f6tzlich in einem ganz anderen Licht, was einen zuvor schier erdr\u00fcckt hat, kann nun von einem anderen Blickwinkel betrachtet werden und m\u00f6glicher Weise findet sich eine L\u00f6sung.<br \/>\nAuch bei genereller Niedergeschlagenheit, M\u00fcdigkeit, Jahreszeitenwechsel bedingter Stimmungstiefs etc. tut eine energetische Behandlung Wunder.<br \/>\nWir f\u00fchlen uns danach viel leichter, beschwingter und haben wieder die Energie selbst etwas f\u00fcr uns zu tun.<\/p>\n<p><strong>Energiearbeit &#8211; f\u00fcr wen?<a href=\"http:\/\/www.shivayoga.at\/wp-content\/uploads\/2014\/11\/Plumeria-pink.jpg\" rel=\"attachment wp-att-240\"><img loading=\"lazy\" decoding=\"async\" class=\"alignright wp-image-240\" src=\"http:\/\/www.shivayoga.at\/wp-content\/uploads\/2014\/11\/Plumeria-pink-233x300.jpg\" alt=\"Plumeria pink\" width=\"152\" height=\"196\" srcset=\"https:\/\/www.shivayoga.at\/wp-content\/uploads\/2014\/11\/Plumeria-pink-233x300.jpg 233w, https:\/\/www.shivayoga.at\/wp-content\/uploads\/2014\/11\/Plumeria-pink-768x989.jpg 768w, https:\/\/www.shivayoga.at\/wp-content\/uploads\/2014\/11\/Plumeria-pink-796x1024.jpg 796w, https:\/\/www.shivayoga.at\/wp-content\/uploads\/2014\/11\/Plumeria-pink-624x803.jpg 624w, https:\/\/www.shivayoga.at\/wp-content\/uploads\/2014\/11\/Plumeria-pink.jpg 1612w\" sizes=\"auto, (max-width: 152px) 100vw, 152px\" \/><\/a><\/strong><br \/>\n&#8211; f\u00fcr alle, die sich etwas Gutes tun wollen<br \/>\n&#8211; f\u00fcr alle mit k\u00f6rperlichen Beschwerden, die den Heilprozess unterst\u00fctzen und f\u00f6rdern wollen<br \/>\n&#8211; f\u00fcr alle, die gerade mit sich, ihren Gedanken oder Problemen k\u00e4mpfen<br \/>\n&#8211; einfach f\u00fcr jeden<\/p>\n<div><\/div>\n","protected":false},"excerpt":{"rendered":"<p>Be balanced Energiearbeit ist heilsam und angenehm erfrischend F\u00fcr K\u00f6rper, Geist und Seele. Sie erweitert unsere Wahrnehmung, l\u00e4sst uns Blockaden aufl\u00f6sen und somit leichter und befreiter unseren Lebensweg voranschreiten. Immer wenn wir das Gef\u00fchl haben festgefahren zu sein, in einer Sackgasse zu stecken, wenn wir nicht wissen wie es weitergehen soll, dann hilft uns die [&hellip;]<\/p>\n","protected":false},"author":2,"featured_media":0,"parent":0,"menu_order":3,"comment_status":"closed","ping_status":"closed","template":"","meta":{"footnotes":""},"class_list":["post-21","page","type-page","status-publish","hentry"],"_links":{"self":[{"href":"https:\/\/www.shivayoga.at\/index.php?rest_route=\/wp\/v2\/pages\/21","targetHints":{"allow":["GET"]}}],"collection":[{"href":"https:\/\/www.shivayoga.at\/index.php?rest_route=\/wp\/v2\/pages"}],"about":[{"href":"https:\/\/www.shivayoga.at\/index.php?rest_route=\/wp\/v2\/types\/page"}],"author":[{"embeddable":true,"href":"https:\/\/www.shivayoga.at\/index.php?rest_route=\/wp\/v2\/users\/2"}],"replies":[{"embeddable":true,"href":"https:\/\/www.shivayoga.at\/index.php?rest_route=%2Fwp%2Fv2%2Fcomments&post=21"}],"version-history":[{"count":21,"href":"https:\/\/www.shivayoga.at\/index.php?rest_route=\/wp\/v2\/pages\/21\/revisions"}],"predecessor-version":[{"id":145,"href":"https:\/\/www.shivayoga.at\/index.php?rest_route=\/wp\/v2\/pages\/21\/revisions\/145"}],"wp:attachment":[{"href":"https:\/\/www.shivayoga.at\/index.php?rest_route=%2Fwp%2Fv2%2Fmedia&parent=21"}],"curies":[{"name":"wp","href":"https:\/\/api.w.org\/{rel}","templated":true}]}}