{"id":25,"date":"2014-11-14T13:20:07","date_gmt":"2014-11-14T11:20:07","guid":{"rendered":"http:\/\/isa.berners.at\/?page_id=25"},"modified":"2021-05-20T12:08:04","modified_gmt":"2021-05-20T10:08:04","slug":"ueber-mich","status":"publish","type":"page","link":"https:\/\/www.shivayoga.at\/?page_id=25","title":{"rendered":"\u00dcber Mich"},"content":{"rendered":"<p>Isabella Hofer<\/p>\n<p>Aloha und Namaste!<\/p>\n<p>Ich bin Yogini, Schamanin, energetische Heilerin, gl\u00fcckliche Mama von drei wunderbaren T\u00f6chtern und so viel mehr!<br \/>\nTeil einer multidimensionalen Seele, inkarniert auf diesem wunderbaren Planeten, zu einer absolut magischen Zeit der Transformation. Hier um zu wachsen und zu lernen, hier um alte 3D Strukturen aufzul\u00f6sen und loszulassen. Hier um die neue 5D Erlebniswelt aktiv mitaufzubauen und hier um andere dabei zu unterst\u00fctzen!<\/p>\n<p>Es ist eine wunderbare Reise, ich freue mich, dass wir sie ein St\u00fcck gemeinsam gehen!<\/p>\n<p>Mein Interesse an Indien, seinen bunten G\u00f6ttern, vielschichtigen Kl\u00e4ngen, leuchtenden Farben, tiefgehenden Meditation und Yogastilen hat sich \u00fcber die Jahre immer mehr vertieft.<\/p>\n<p>Meine Yoga Ausbildung in Indien war eine ganz besondere Erfahrung auf allen Ebenen und pr\u00e4gt meine Yogastunden mit.<\/p>\n<p>Auch meine Curandera Ausbildung in Bali war etwas ganz Besonderes und die Liebe zu Hawaii, seinem Schamanismus und der wundersch\u00f6nen Lomi Lomi runden meine energetische Arbeit ab.<\/p>\n<p>Ich liebe es alle Elemente zu verbinden und so immer wieder etwas Neues entstehen zu lassen, meine Arbeit ist immer im Fluss und entsteht im Zusammenspiel mit den Menschen, mit denen ich arbeite und meiner Intuition.<\/p>\n<p>&nbsp;<\/p>\n<p>Meine Ausbildungen auf der 3D Ebene:<\/p>\n<div class=\"widget-content\">\n<ul>\n<li>Certified Yoga Teacher (Ausbildung im Paramanand\u00a0 Ashram in Indore, Indien)<\/li>\n<li>Certified Yoga Therapist (Indore)<\/li>\n<li>Kinesiologie Ausbildung Touch for Health (WIFI Wien)<\/li>\n<li>Pranic Healing (Ausbildung Wien)<\/li>\n<li>Schamanische Ausbildung zur Curandera (Bali)<\/li>\n<li>Magnified Healing Ausbildung (M\u00fcnchen)<\/li>\n<li>Lomi Lomi Nui Ausbildung (Wien)<\/li>\n<li>AHS Lehrerin f\u00fcr Englisch, Psychologie und Philosophie<\/li>\n<\/ul>\n<p><span style=\"color: #d91c7e;\"><strong><em>\u201eThere are two ways to live: you can live as if nothing is a miracle, or you can live as if everything is a miracle.\u201d<\/em>\u00a0 Albert Einstein<\/strong><\/span><\/p>\n<\/div>\n<div><\/div>\n","protected":false},"excerpt":{"rendered":"<p>Isabella Hofer Aloha und Namaste! Ich bin Yogini, Schamanin, energetische Heilerin, gl\u00fcckliche Mama von drei wunderbaren T\u00f6chtern und so viel mehr! Teil einer multidimensionalen Seele, inkarniert auf diesem wunderbaren Planeten, zu einer absolut magischen Zeit der Transformation. Hier um zu wachsen und zu lernen, hier um alte 3D Strukturen aufzul\u00f6sen und loszulassen. Hier um die [&hellip;]<\/p>\n","protected":false},"author":2,"featured_media":0,"parent":0,"menu_order":6,"comment_status":"closed","ping_status":"closed","template":"","meta":{"footnotes":""},"class_list":["post-25","page","type-page","status-publish","hentry"],"_links":{"self":[{"href":"https:\/\/www.shivayoga.at\/index.php?rest_route=\/wp\/v2\/pages\/25","targetHints":{"allow":["GET"]}}],"collection":[{"href":"https:\/\/www.shivayoga.at\/index.php?rest_route=\/wp\/v2\/pages"}],"about":[{"href":"https:\/\/www.shivayoga.at\/index.php?rest_route=\/wp\/v2\/types\/page"}],"author":[{"embeddable":true,"href":"https:\/\/www.shivayoga.at\/index.php?rest_route=\/wp\/v2\/users\/2"}],"replies":[{"embeddable":true,"href":"https:\/\/www.shivayoga.at\/index.php?rest_route=%2Fwp%2Fv2%2Fcomments&post=25"}],"version-history":[{"count":26,"href":"https:\/\/www.shivayoga.at\/index.php?rest_route=\/wp\/v2\/pages\/25\/revisions"}],"predecessor-version":[{"id":518,"href":"https:\/\/www.shivayoga.at\/index.php?rest_route=\/wp\/v2\/pages\/25\/revisions\/518"}],"wp:attachment":[{"href":"https:\/\/www.shivayoga.at\/index.php?rest_route=%2Fwp%2Fv2%2Fmedia&parent=25"}],"curies":[{"name":"wp","href":"https:\/\/api.w.org\/{rel}","templated":true}]}}