{"id":253,"date":"2016-04-15T15:35:12","date_gmt":"2016-04-15T13:35:12","guid":{"rendered":"http:\/\/www.shivayoga.at\/?page_id=253"},"modified":"2019-05-17T17:21:49","modified_gmt":"2019-05-17T15:21:49","slug":"lomi-lomi-nui-tempelmassage","status":"publish","type":"page","link":"https:\/\/www.shivayoga.at\/?page_id=253","title":{"rendered":"Lomi Lomi Nui K\u00f6rperarbeit"},"content":{"rendered":"<h3><strong><span style=\"color: #e02896;\">Tauche ein in Aloha!<\/span><\/strong><\/h3>\n<h3><strong><span style=\"color: #e02896;\"><a href=\"http:\/\/www.shivayoga.at\/wp-content\/uploads\/2016\/04\/P1040533klein.jpg\" rel=\"attachment wp-att-255\"><img loading=\"lazy\" decoding=\"async\" class=\"alignright size-medium wp-image-255\" src=\"http:\/\/www.shivayoga.at\/wp-content\/uploads\/2016\/04\/P1040533klein-300x201.jpg\" alt=\"P1040533klein\" width=\"300\" height=\"201\" srcset=\"https:\/\/www.shivayoga.at\/wp-content\/uploads\/2016\/04\/P1040533klein-300x201.jpg 300w, https:\/\/www.shivayoga.at\/wp-content\/uploads\/2016\/04\/P1040533klein-768x514.jpg 768w, https:\/\/www.shivayoga.at\/wp-content\/uploads\/2016\/04\/P1040533klein-1024x685.jpg 1024w, https:\/\/www.shivayoga.at\/wp-content\/uploads\/2016\/04\/P1040533klein-624x417.jpg 624w, https:\/\/www.shivayoga.at\/wp-content\/uploads\/2016\/04\/P1040533klein.jpg 1280w\" sizes=\"auto, (max-width: 300px) 100vw, 300px\" \/><\/a><a href=\"http:\/\/www.shivayoga.at\/wp-content\/uploads\/2016\/04\/P1040224klein.jpg\" rel=\"attachment wp-att-256\"><img loading=\"lazy\" decoding=\"async\" class=\"alignright size-medium wp-image-256\" src=\"http:\/\/www.shivayoga.at\/wp-content\/uploads\/2016\/04\/P1040224klein-300x264.jpg\" alt=\"P1040224klein\" width=\"300\" height=\"264\" srcset=\"https:\/\/www.shivayoga.at\/wp-content\/uploads\/2016\/04\/P1040224klein-300x264.jpg 300w, https:\/\/www.shivayoga.at\/wp-content\/uploads\/2016\/04\/P1040224klein-768x675.jpg 768w, https:\/\/www.shivayoga.at\/wp-content\/uploads\/2016\/04\/P1040224klein-624x548.jpg 624w, https:\/\/www.shivayoga.at\/wp-content\/uploads\/2016\/04\/P1040224klein.jpg 974w\" sizes=\"auto, (max-width: 300px) 100vw, 300px\" \/><\/a><\/span> <\/strong><\/h3>\n<p><img loading=\"lazy\" decoding=\"async\" class=\"alignright size-medium wp-image-432\" src=\"http:\/\/www.shivayoga.at\/wp-content\/uploads\/2014\/11\/D99C6CA6-D44D-4F5E-9DDE-584F11CF13E8-300x209.jpeg\" alt=\"D99C6CA6-D44D-4F5E-9DDE-584F11CF13E8\" width=\"300\" height=\"209\" srcset=\"https:\/\/www.shivayoga.at\/wp-content\/uploads\/2014\/11\/D99C6CA6-D44D-4F5E-9DDE-584F11CF13E8-300x209.jpeg 300w, https:\/\/www.shivayoga.at\/wp-content\/uploads\/2014\/11\/D99C6CA6-D44D-4F5E-9DDE-584F11CF13E8-624x434.jpeg 624w, https:\/\/www.shivayoga.at\/wp-content\/uploads\/2014\/11\/D99C6CA6-D44D-4F5E-9DDE-584F11CF13E8.jpeg 699w\" sizes=\"auto, (max-width: 300px) 100vw, 300px\" \/><\/p>\n<p>&nbsp;<\/p>\n<p>Lomi Lomi Nui ist eine althawaiianische K\u00f6rperarbeit, die K\u00f6rper, Geist und Seele entspannt und in liebevolle Energie h\u00fcllt. Sie\u00a0 wirkt wie Balsam auf die Seele, urspr\u00fcnglich ein reinigendes Ritual, half die Lomi sich auf einen Neuanfang im Leben vorzubereiten, von Altlasten zu befreien, oder die Heilung von Krankheiten zu beschleunigen. Daher eignet sie sich hervorragend zur Entspannung in der Schwangerschaft und als energetische Vorbereitung auf die Geburt.<\/p>\n<p>Die streichenden Bewegungen l\u00f6sen Anspannung und Blockaden und verhelfen den Energien im K\u00f6rper wieder ins Flie\u00dfen zu kommen. Auch seelische Anspannung, Stress, Sorgen usw. kommen durch die Lomi Lomi in Fluss und k\u00f6nnen somit bearbeitet und losgelassen werden. Die Harmonie von K\u00f6rper, Geist und Seele wird wieder hergestellt.<\/p>\n<p>Bei der Lomi Lomi Nui wird mit warmen \u00d6l gearbeitet, der ganze K\u00f6rper wird in einen wohligen Duft eingeh\u00fcllt, gedehnt und gestreckt,\u00a0 hawaiianischer Musik im Hintergrund erlaubt es dem Geist v\u00f6llig abzuschalten.<\/p>\n<p>Die Lomi Lomi ist ein Geschenk, eine Reise zu uns Selbst, die uns mit frischer Energie, Vitalit\u00e4t und Lebensfreude aufl\u00e4dt.<\/p>\n<p>Die Lomi Lomi Nui<\/p>\n<ul>\n<li>aktiviert die Selbstheilungskr\u00e4fte des K\u00f6rpers<img loading=\"lazy\" decoding=\"async\" class=\"alignright wp-image-378\" src=\"http:\/\/www.shivayoga.at\/wp-content\/uploads\/2016\/04\/Shotshop_8724033-200x300.jpg\" alt=\"\" width=\"138\" height=\"207\" srcset=\"https:\/\/www.shivayoga.at\/wp-content\/uploads\/2016\/04\/Shotshop_8724033-200x300.jpg 200w, https:\/\/www.shivayoga.at\/wp-content\/uploads\/2016\/04\/Shotshop_8724033.jpg 400w\" sizes=\"auto, (max-width: 138px) 100vw, 138px\" \/><\/li>\n<li>bringt K\u00f6rper, Geist und Seele in Einklang<\/li>\n<li>l\u00f6st tiefgehende Spannungen und hilft die Innere Balance und Kraft wieder zu sp\u00fcren<\/li>\n<li>ist wunderbar entspannend in der Schwangerschaft<\/li>\n<\/ul>\n<p>Lomi bedeutet &#8218;dr\u00fccken, kneten, arbeiten am Innen und Au\u00dfen&#8216;, Nui bedeutet &#8218;wichtig, einzigartig&#8216;<\/p>\n<p>Die \u00a0Lomi Lomi Nui ist also ein wichtiges, einzigartiges Arbeiten am Innen und Au\u00dfen<\/p>\n<ul>\n<li>Sanfte, flie\u00dfende Bewegungen mit den H\u00e4nden und den ganzen Unterarmen<\/li>\n<li>Althawaiianische Tempelmassage, die Tanz, Musik und Ber\u00fchrung vereint<\/li>\n<li>Die Gelenke werden durch Bewegung ge\u00f6ffnet und energetische Blockaden k\u00f6nnen sich l\u00f6sen<\/li>\n<li>Ich integriere bei der Lomi auch andere Formen der Energiearbeit<\/li>\n<li>Das Loslassen von Altem, das nicht mehr gebraucht wird, wird unterst\u00fctzt. Platz f\u00fcr Neues wird geschaffen.<\/li>\n<li>Unterst\u00fctzt bei Entscheidungsfindungen, bei Neubeginnen oder bei \u00dcberg\u00e4ngen in eine neue Lebensphase<\/li>\n<\/ul>\n<p><strong>Ich bitte um Verst\u00e4ndnis, dass aus organisatorischen Gr\u00fcnden, Termine im Voraus gebucht werden m\u00fcssen.<\/strong><\/p>\n<p><strong>Keine Intimzonenmassage!<br \/>\n<\/strong><\/p>\n","protected":false},"excerpt":{"rendered":"<p>Tauche ein in Aloha! &nbsp; Lomi Lomi Nui ist eine althawaiianische K\u00f6rperarbeit, die K\u00f6rper, Geist und Seele entspannt und in liebevolle Energie h\u00fcllt. Sie\u00a0 wirkt wie Balsam auf die Seele, urspr\u00fcnglich ein reinigendes Ritual, half die Lomi sich auf einen Neuanfang im Leben vorzubereiten, von Altlasten zu befreien, oder die Heilung von Krankheiten zu beschleunigen. [&hellip;]<\/p>\n","protected":false},"author":2,"featured_media":0,"parent":0,"menu_order":3,"comment_status":"closed","ping_status":"closed","template":"","meta":{"footnotes":""},"class_list":["post-253","page","type-page","status-publish","hentry"],"_links":{"self":[{"href":"https:\/\/www.shivayoga.at\/index.php?rest_route=\/wp\/v2\/pages\/253","targetHints":{"allow":["GET"]}}],"collection":[{"href":"https:\/\/www.shivayoga.at\/index.php?rest_route=\/wp\/v2\/pages"}],"about":[{"href":"https:\/\/www.shivayoga.at\/index.php?rest_route=\/wp\/v2\/types\/page"}],"author":[{"embeddable":true,"href":"https:\/\/www.shivayoga.at\/index.php?rest_route=\/wp\/v2\/users\/2"}],"replies":[{"embeddable":true,"href":"https:\/\/www.shivayoga.at\/index.php?rest_route=%2Fwp%2Fv2%2Fcomments&post=253"}],"version-history":[{"count":12,"href":"https:\/\/www.shivayoga.at\/index.php?rest_route=\/wp\/v2\/pages\/253\/revisions"}],"predecessor-version":[{"id":265,"href":"https:\/\/www.shivayoga.at\/index.php?rest_route=\/wp\/v2\/pages\/253\/revisions\/265"}],"wp:attachment":[{"href":"https:\/\/www.shivayoga.at\/index.php?rest_route=%2Fwp%2Fv2%2Fmedia&parent=253"}],"curies":[{"name":"wp","href":"https:\/\/api.w.org\/{rel}","templated":true}]}}