{"id":28,"date":"2014-11-14T13:24:59","date_gmt":"2014-11-14T11:24:59","guid":{"rendered":"http:\/\/isa.berners.at\/?page_id=28"},"modified":"2020-06-05T11:49:06","modified_gmt":"2020-06-05T09:49:06","slug":"kontakt","status":"publish","type":"page","link":"https:\/\/www.shivayoga.at\/?page_id=28","title":{"rendered":"Kontakt"},"content":{"rendered":"<h2><span style=\"color: #d91c7e;\"><strong>Yoga &#038; balance in Strebersdorf, 1210 Wien, Bonitzgasse 17\/1 (hinteres Haus)<\/strong><\/span><\/h2>\n<div class=\"widget-content\">\n<p>3 Gehminuten zur <strong>S-Bahn Station Strebersdorf\u00a0<\/strong>und der Stra\u00dfenbahn <strong>Linie 26 Ru\u00dfbergstra\u00dfe<\/strong><\/p>\n<p>F\u00fcr Autofahrer:<strong> Parkpl\u00e4tze<\/strong> vor dem Haus<\/p>\n<h4 style=\"text-align: left;\"><span style=\"color: #000000;\"><strong>Anmeldungen bitte an: <\/strong><\/span><\/h4>\n<h4 style=\"text-align: left;\"><span style=\"color: #000000;\"><strong>yogaandmore@yahoo.com<\/strong><\/span><\/h4>\n<h4 style=\"text-align: left;\"><strong><span style=\"color: #d91c7e;\"><span style=\"color: #000000;\">Tel: 0650\/3750484<\/span><a href=\"http:\/\/www.shivayoga.at\/wp-content\/uploads\/2014\/11\/P1040563_phixr.jpg\" rel=\"attachment wp-att-196\"><img loading=\"lazy\" decoding=\"async\" class=\"wp-image-196 alignright\" src=\"http:\/\/www.shivayoga.at\/wp-content\/uploads\/2014\/11\/P1040563_phixr.jpg\" alt=\"P1040563_phixr\" width=\"275\" height=\"209\" srcset=\"https:\/\/www.shivayoga.at\/wp-content\/uploads\/2014\/11\/P1040563_phixr.jpg 1431w, https:\/\/www.shivayoga.at\/wp-content\/uploads\/2014\/11\/P1040563_phixr-300x228.jpg 300w, https:\/\/www.shivayoga.at\/wp-content\/uploads\/2014\/11\/P1040563_phixr-768x583.jpg 768w, https:\/\/www.shivayoga.at\/wp-content\/uploads\/2014\/11\/P1040563_phixr-1024x777.jpg 1024w, https:\/\/www.shivayoga.at\/wp-content\/uploads\/2014\/11\/P1040563_phixr-624x474.jpg 624w\" sizes=\"auto, (max-width: 275px) 100vw, 275px\" \/><\/a><\/span><\/strong><\/h4>\n<p>&nbsp;<\/p>\n<p>&nbsp;<\/p>\n<p>&nbsp;<\/p>\n<p>&nbsp;<\/p>\n<p>&nbsp;<\/p>\n<p>Um einen Termin auszumachen, oder f\u00fcr mehr Information, schreib <strong>bitte ein E-Mail oder eine SMS<\/strong>, sollte ich telefonisch gerade nicht erreichbar sein. ich beantworte deine Anfrage so schnell wie m\u00f6glich.<\/p>\n<p><strong>Ich bitte um Verst\u00e4ndnis, dass aus organisatorischen Gr\u00fcnden, Lomi Lomi Termine im Voraus gebucht werden m\u00fcssen!<\/strong><\/p>\n<p>Wenn du einen R\u00fcckruf w\u00fcnschst, sprich mir bitte deine Nummer auf die Mailbox, oder hinterlasse mir eine SMS.<\/p>\n<h2><\/h2>\n<h2><\/h2>\n<\/div>\n<div><\/div>\n","protected":false},"excerpt":{"rendered":"<p>Yoga &#038; balance in Strebersdorf, 1210 Wien, Bonitzgasse 17\/1 (hinteres Haus) 3 Gehminuten zur S-Bahn Station Strebersdorf\u00a0und der Stra\u00dfenbahn Linie 26 Ru\u00dfbergstra\u00dfe F\u00fcr Autofahrer: Parkpl\u00e4tze vor dem Haus Anmeldungen bitte an: yogaandmore@yahoo.com Tel: 0650\/3750484 &nbsp; &nbsp; &nbsp; &nbsp; &nbsp; Um einen Termin auszumachen, oder f\u00fcr mehr Information, schreib bitte ein E-Mail oder eine SMS, sollte [&hellip;]<\/p>\n","protected":false},"author":2,"featured_media":0,"parent":0,"menu_order":5,"comment_status":"closed","ping_status":"closed","template":"","meta":{"footnotes":""},"class_list":["post-28","page","type-page","status-publish","hentry"],"_links":{"self":[{"href":"https:\/\/www.shivayoga.at\/index.php?rest_route=\/wp\/v2\/pages\/28","targetHints":{"allow":["GET"]}}],"collection":[{"href":"https:\/\/www.shivayoga.at\/index.php?rest_route=\/wp\/v2\/pages"}],"about":[{"href":"https:\/\/www.shivayoga.at\/index.php?rest_route=\/wp\/v2\/types\/page"}],"author":[{"embeddable":true,"href":"https:\/\/www.shivayoga.at\/index.php?rest_route=\/wp\/v2\/users\/2"}],"replies":[{"embeddable":true,"href":"https:\/\/www.shivayoga.at\/index.php?rest_route=%2Fwp%2Fv2%2Fcomments&post=28"}],"version-history":[{"count":19,"href":"https:\/\/www.shivayoga.at\/index.php?rest_route=\/wp\/v2\/pages\/28\/revisions"}],"predecessor-version":[{"id":492,"href":"https:\/\/www.shivayoga.at\/index.php?rest_route=\/wp\/v2\/pages\/28\/revisions\/492"}],"wp:attachment":[{"href":"https:\/\/www.shivayoga.at\/index.php?rest_route=%2Fwp%2Fv2%2Fmedia&parent=28"}],"curies":[{"name":"wp","href":"https:\/\/api.w.org\/{rel}","templated":true}]}}