{"id":36,"date":"2014-11-14T14:01:26","date_gmt":"2014-11-14T12:01:26","guid":{"rendered":"http:\/\/isa.berners.at\/?page_id=36"},"modified":"2023-03-20T18:24:10","modified_gmt":"2023-03-20T16:24:10","slug":"willkommen-bei-yogamore","status":"publish","type":"page","link":"https:\/\/www.shivayoga.at\/","title":{"rendered":"Yoga und Energetik"},"content":{"rendered":"<hr \/>\n<h3 style=\"text-align: center;\">Aloha und Namaste bei Shivayoga<\/h3>\n<h2 style=\"text-align: center;\"><span style=\"color: #d91c7e;\">\ud83c\udf38 Yoga, E<\/span><span style=\"color: #d91c7e;\">nergetik, spirituelles Coaching und Lomi Lomi \ud83c\udf38<\/span><\/h2>\n<p>&nbsp;<\/p>\n<p>G\u00f6nne dir mit Shivayoga die perfekte Unterst\u00fctzung bei der Harmonisierung von K\u00f6rper und Seele. Verbinde dich mit den herrlichen Schwingungen des Universums und lasse diese Energie in dein Leben flie\u00dfen. Mit Yoga, Lomi Lomi Nui und Energiearbeit wirst du auf eine sanfte Art neu erbl\u00fchen! \ud83c\udf38\u00a0Die perfekte Begleitung f\u00fcr deine spirituelle Reise! Entdecke dich neu und werde zum selbstbewussten Sch\u00f6pfer deines eigenen Lebens!<\/p>\n<h2><span style=\"color: #d91c7e;\"><br \/>\n<b> raise your energy &#8211; feel your power\u00a0<\/b><\/span><br \/>\n<img loading=\"lazy\" decoding=\"async\" class=\"size-medium wp-image-444 aligncenter\" src=\"http:\/\/www.shivayoga.at\/wp-content\/uploads\/2014\/11\/3CAC1512-9071-4784-885F-ABA9E36913EC-263x300.jpeg\" alt=\"3CAC1512-9071-4784-885F-ABA9E36913EC\" width=\"263\" height=\"300\" srcset=\"https:\/\/www.shivayoga.at\/wp-content\/uploads\/2014\/11\/3CAC1512-9071-4784-885F-ABA9E36913EC-263x300.jpeg 263w, https:\/\/www.shivayoga.at\/wp-content\/uploads\/2014\/11\/3CAC1512-9071-4784-885F-ABA9E36913EC-768x874.jpeg 768w, https:\/\/www.shivayoga.at\/wp-content\/uploads\/2014\/11\/3CAC1512-9071-4784-885F-ABA9E36913EC-624x710.jpeg 624w, https:\/\/www.shivayoga.at\/wp-content\/uploads\/2014\/11\/3CAC1512-9071-4784-885F-ABA9E36913EC.jpeg 895w\" sizes=\"auto, (max-width: 263px) 100vw, 263px\" \/><\/h2>\n<h3 style=\"text-align: center;\">Wir befinden uns Mitten im Shift, das neue Bewusstsein verankert sich gerade auf der Erde, und wir sind aufgerufen Verantwortung f\u00fcr uns und unser Leben zu \u00fcbernehmen. Wir d\u00fcrfen \u00fcben unsere Gedanken und Gef\u00fchle so zu fokussieren, dass wir bewusst ein gutes Leben erschaffen, voller Mitgef\u00fchl und Liebe f\u00fcr uns und unsere Umwelt. Meine Yogaarbeit konzentriert sich gezielt darauf dir ein gutes K\u00f6rpergef\u00fchl zu geben, voll in deine Energie hineinzugehen und von dort tatkr\u00e4ftig zu werden. Jede Einheit ist begleitet von kraftvollen Energien, die sich immer st\u00e4rker b\u00fcndeln, es entsteht sozusagen ein Heilraum, den jeder betreten kann, wenn er offen daf\u00fcr ist!\u00a0Shivayoga ist Yoga im urspr\u00fcnglichen Sinn, an die neue Erdenergie angepasst, es hilft dir deine Energie zu wecken und zu b\u00fcndeln und somit zum Sch\u00f6pfer\/in deiner Welt zu werden. Steig ein in dein neues Selbst und erschaff dir dein neues Leben auf einem neuen Level.<\/h3>\n<h4>Feel the energy, be part of the shift!!<\/h4>\n<h4>Du m\u00f6chtest etwas f\u00fcr dich tun? Ges\u00fcnder und bewusster leben? Deinen K\u00f6rper kr\u00e4ftigen, dehnen und mit frischer Lebensenergie auftanken? Du brauchst neuen Schwung, willst deinen Geist zur Ruhe kommen lassen und Zugang zu deinem Selbst finden? Du f\u00fchlst, dass deine Energie steckt und du m\u00f6chtest sie aktivieren? Du f\u00fchlst, dass dich Gedankenmuster zur\u00fcckhalten und blockieren, dass du in emotionalen Reaktionsmustern steckst, die sich st\u00e4ndig wiederholen? Entscheide dich heute noch f\u00fcr dein neues Selbst, f\u00fcr dein freies Selbst, alles beginnt mit deiner Entscheidung, dich auf den Weg zu machen! Du kannst dein Leben \u00e4ndern! JETZT!<a href=\"http:\/\/www.shivayoga.at\/wp-content\/uploads\/2014\/11\/P1040563_phixr.jpg\" rel=\"attachment wp-att-196\"><br \/>\n<\/a><\/h4>\n<p><b>Aktiv Energie tanken: \u00a0 \u00a0 \u00a0 \u00a0 \u00a0 \u00a0 \u00a0 \u00a0 \u00a0 \u00a0 \u00a0 \u00a0 \u00a0 \u00a0 \u00a0 \u00a0<\/b><\/p>\n<p>Erlebe die ultimative Verschmelzung von hawaiianischer Energiearbeit, indischem Yoga, Meridianarbeit\u00a0 und modernster Meditation. Tauche ein in die Welt von Shivayoga &#8211; lerne bewusst mit deinem K\u00f6rper und deiner Seelenenergie zu arbeiten.\u00a0Affirmationen und Atem\u00fcbungen bringen dein Herz in Einklang mit deinem Verstand, w\u00e4hrend h\u00f6chste Heil-Frequenzen deine Seele n\u00e4hren. Tauche ein in die unendliche Energie deines K\u00f6rpers und erlebe pure Harmonie und Balance. Befreie dich von deinen selbstgesteckten Grenzen und entfalte dein wahres Wesen!\u00a0\u00a0Finde Balance, Harmonie und unendliche Energie in deinem K\u00f6rper und Geist &#8211; lass dich begeistern von der Ruhe des Geistes und der Entfaltung deines wahren Wesens.<\/p>\n<p>Lerne loszulassen und dich neu aufzuladen, entdecke das Potenzial in dir &#8211; jetzt bereit f\u00fcr den n\u00e4chsten Schritt? Dann komm zum Shivayoga!<\/p>\n<p>Shivayoga richtet sich an alle! Jeder\/Jede ist eingeladen in seine Kraft zu gehen!<\/p>\n<p><img loading=\"lazy\" decoding=\"async\" class=\"size-medium wp-image-432 aligncenter\" src=\"http:\/\/www.shivayoga.at\/wp-content\/uploads\/2014\/11\/D99C6CA6-D44D-4F5E-9DDE-584F11CF13E8-300x209.jpeg\" alt=\"D99C6CA6-D44D-4F5E-9DDE-584F11CF13E8\" width=\"300\" height=\"209\" srcset=\"https:\/\/www.shivayoga.at\/wp-content\/uploads\/2014\/11\/D99C6CA6-D44D-4F5E-9DDE-584F11CF13E8-300x209.jpeg 300w, https:\/\/www.shivayoga.at\/wp-content\/uploads\/2014\/11\/D99C6CA6-D44D-4F5E-9DDE-584F11CF13E8-624x434.jpeg 624w, https:\/\/www.shivayoga.at\/wp-content\/uploads\/2014\/11\/D99C6CA6-D44D-4F5E-9DDE-584F11CF13E8.jpeg 699w\" sizes=\"auto, (max-width: 300px) 100vw, 300px\" \/><\/p>\n<p><b>Entspannen und loslassen: \u00a0 \u00a0 \u00a0 \u00a0 \u00a0 \u00a0 \u00a0 \u00a0 \u00a0 \u00a0 \u00a0 \u00a0 \u00a0 \u00a0 \u00a0 <\/b><\/p>\n<p>Lomi Lomi Nui und Energiearbeit arbeiten mit K\u00f6rper, Geist und Seele und sind deswegen so tiefgreifend. Gerade die Arbeit am K\u00f6rper kann wunderbar blockierte, gespeicherte Energie l\u00f6sen und somit in Bewegung bringen, neue Denkweisen ansto\u00dfen und Gef\u00fchle \u00f6ffnen.<\/p>\n<h3><span style=\"color: #d91c7e;\"><strong>&#8222;Yoga ist das zur Ruhekommen des <\/strong>Geistes<strong>&#8220; <\/strong><\/span><span style=\"color: #d91c7e;\"><strong>(Patanjali Yoga Sutras) <\/strong><\/span><\/h3>\n<p><span style=\"font-weight: normal;\">Hier findest du Yogakurse in famili\u00e4rer Atmosph\u00e4re und Kleingruppen. Jede Yogaklasse beginnt mit einer Tiefenentspannung, so kannst du in aller Ruhe im Raum und bei dir ankommen, den Tag abflie\u00dfen lassen und das Jetzt genie\u00dfen. Danach erfrischen wir K\u00f6rper und Geist mit neuem Prana und Sauerstoff, und tauchen dann voll neuer Energie in die Asanas ein, jeder wie er kann. Es gibt nichts zu erreichen, einfach nur zu sein, zuzulassen und K\u00f6rper und Geist zu beobachten. Wir beenden die Stunde mit Entspannung und chanten gemeinsam das OM, danach tauschen wir uns bei einer gem\u00fctlichen Tasse Tee aus.<\/span><\/p>\n<p><i>Hier ist Zeit und Raum f\u00fcr dich<\/i><\/p>\n<p><i>Raum zum Flie\u00dfen<br \/>\nRaum zum Loslassen<br \/>\nRaum zum Entspannen<br \/>\nRaum zum Ruhen<\/i><\/p>\n<p><i>Raum zum Atmen \u00a0 \u00a0 \u00a0 \u00a0 \u00a0 \u00a0 \u00a0 \u00a0 \u00a0 \u00a0 \u00a0 \u00a0 \u00a0 \u00a0 \u00a0 \u00a0 \u00a0 \u00a0 \u00a0 \u00a0 \u00a0 \u00a0 \u00a0 \u00a0 \u00a0\u00a0<\/i><i>Raum zum Verbinden \u00a0 \u00a0 \u00a0 \u00a0 \u00a0 \u00a0 \u00a0 \u00a0 \u00a0 \u00a0 \u00a0 \u00a0 \u00a0 \u00a0 \u00a0 \u00a0 \u00a0 \u00a0 \u00a0 \u00a0 \u00a0 \u00a0 Raum zum Entfalten<br \/>\nRaum zum Zentrieren<\/i><\/p>\n<p><i>Raum zum Ausdehnen<br \/>\nRaum zum Lachen<br \/>\nWillkommen im JETZT!<\/i><\/p>\n<h4>Yoga, Yogatherapie, Lomi Lomi Nui K\u00f6rperarbeit, Energiearbeit und Naturkosmetik in Strebersdorf 1210 Wien<\/h4>\n","protected":false},"excerpt":{"rendered":"<p>Aloha und Namaste bei Shivayoga \ud83c\udf38 Yoga, Energetik, spirituelles Coaching und Lomi Lomi \ud83c\udf38 &nbsp; G\u00f6nne dir mit Shivayoga die perfekte Unterst\u00fctzung bei der Harmonisierung von K\u00f6rper und Seele. Verbinde dich mit den herrlichen Schwingungen des Universums und lasse diese Energie in dein Leben flie\u00dfen. Mit Yoga, Lomi Lomi Nui und Energiearbeit wirst du auf [&hellip;]<\/p>\n","protected":false},"author":2,"featured_media":0,"parent":0,"menu_order":1,"comment_status":"closed","ping_status":"closed","template":"","meta":{"footnotes":""},"class_list":["post-36","page","type-page","status-publish","hentry"],"_links":{"self":[{"href":"https:\/\/www.shivayoga.at\/index.php?rest_route=\/wp\/v2\/pages\/36","targetHints":{"allow":["GET"]}}],"collection":[{"href":"https:\/\/www.shivayoga.at\/index.php?rest_route=\/wp\/v2\/pages"}],"about":[{"href":"https:\/\/www.shivayoga.at\/index.php?rest_route=\/wp\/v2\/types\/page"}],"author":[{"embeddable":true,"href":"https:\/\/www.shivayoga.at\/index.php?rest_route=\/wp\/v2\/users\/2"}],"replies":[{"embeddable":true,"href":"https:\/\/www.shivayoga.at\/index.php?rest_route=%2Fwp%2Fv2%2Fcomments&post=36"}],"version-history":[{"count":90,"href":"https:\/\/www.shivayoga.at\/index.php?rest_route=\/wp\/v2\/pages\/36\/revisions"}],"predecessor-version":[{"id":575,"href":"https:\/\/www.shivayoga.at\/index.php?rest_route=\/wp\/v2\/pages\/36\/revisions\/575"}],"wp:attachment":[{"href":"https:\/\/www.shivayoga.at\/index.php?rest_route=%2Fwp%2Fv2%2Fmedia&parent=36"}],"curies":[{"name":"wp","href":"https:\/\/api.w.org\/{rel}","templated":true}]}}