{"id":367,"date":"2017-03-07T11:02:42","date_gmt":"2017-03-07T09:02:42","guid":{"rendered":"http:\/\/www.shivayoga.at\/?page_id=367"},"modified":"2019-05-17T17:20:06","modified_gmt":"2019-05-17T15:20:06","slug":"allergien-loeschen","status":"publish","type":"page","link":"https:\/\/www.shivayoga.at\/?page_id=367","title":{"rendered":"Allergien l\u00f6schen"},"content":{"rendered":"<h3>das Immunsystem neu programmieren &#8211; Allergien ad\u00e8<\/h3>\n<p>Gerade in der Fr\u00fchlingszeit leiden sehr viele an Pollenallergien und ihren l\u00e4stigen Symptomen. <a href=\"http:\/\/www.shivayoga.at\/wp-content\/uploads\/2017\/03\/Shotshop_79466844.jpg\" rel=\"attachment wp-att-375\"><img loading=\"lazy\" decoding=\"async\" class=\"alignright size-medium wp-image-375\" src=\"http:\/\/www.shivayoga.at\/wp-content\/uploads\/2017\/03\/Shotshop_79466844-300x200.jpg\" alt=\"Shotshop_79466844\" width=\"300\" height=\"200\" srcset=\"https:\/\/www.shivayoga.at\/wp-content\/uploads\/2017\/03\/Shotshop_79466844-300x200.jpg 300w, https:\/\/www.shivayoga.at\/wp-content\/uploads\/2017\/03\/Shotshop_79466844.jpg 600w\" sizes=\"auto, (max-width: 300px) 100vw, 300px\" \/><\/a>Viele Allergiker haben aber das ganze Jahr \u00fcber mit Symptomen zu k\u00e4mpfen und es kommen immer mehr Allergien dazu.<\/p>\n<p>Eine Allergie ist aber kein Schicksalsschlag, sondern l\u00e4sst sich behandeln! Die meisten Allergien sind sehr gut l\u00f6schbar, durch energetische Behandlungen k\u00f6nnen die \u00dcberreaktionen des Immunsystems umprogrammiert und gel\u00f6scht werden.<\/p>\n<p>Viele Menschen wachen morgens verschleimt auf und brauchen zuerst einmal ein Taschentuch und m\u00fcssen niesen oder husten, dies deutet oft auf eine unerkannte Hausstaubmilbenallergie hin.\u00a0 Lebensmittelallergien k\u00f6nnen sich in den verschiedensten Reaktionen zeigen, Verdauungsbeschwerden, Bl\u00e4hbauch, Schmerzen oder Durchfall k\u00f6nnen Anzeichen sein.<\/p>\n<p>Diese Fehlreaktion des K\u00f6rpers ist aber durch die energetische Neuprogrammierung gut zu l\u00f6schen und somit hat der Klient gute Chancen auf ein beschwerdenfreies Leben.<\/p>\n<p>Du musst nicht daran glauben &#8211; einfach offen sein und dann am eigenen Leib erfahren!<\/p>\n<p>Bei Unvertr\u00e4glichkeiten funktioniert das L\u00f6schen nicht!<\/p>\n<p><strong>Ich teste Allergien aus, bei vorhandenem Allergietest, diesen bitte mitbringen!<\/strong><\/p>\n","protected":false},"excerpt":{"rendered":"<p>das Immunsystem neu programmieren &#8211; Allergien ad\u00e8 Gerade in der Fr\u00fchlingszeit leiden sehr viele an Pollenallergien und ihren l\u00e4stigen Symptomen. Viele Allergiker haben aber das ganze Jahr \u00fcber mit Symptomen zu k\u00e4mpfen und es kommen immer mehr Allergien dazu. Eine Allergie ist aber kein Schicksalsschlag, sondern l\u00e4sst sich behandeln! Die meisten Allergien sind sehr gut [&hellip;]<\/p>\n","protected":false},"author":2,"featured_media":0,"parent":0,"menu_order":5,"comment_status":"closed","ping_status":"closed","template":"","meta":{"footnotes":""},"class_list":["post-367","page","type-page","status-publish","hentry"],"_links":{"self":[{"href":"https:\/\/www.shivayoga.at\/index.php?rest_route=\/wp\/v2\/pages\/367","targetHints":{"allow":["GET"]}}],"collection":[{"href":"https:\/\/www.shivayoga.at\/index.php?rest_route=\/wp\/v2\/pages"}],"about":[{"href":"https:\/\/www.shivayoga.at\/index.php?rest_route=\/wp\/v2\/types\/page"}],"author":[{"embeddable":true,"href":"https:\/\/www.shivayoga.at\/index.php?rest_route=\/wp\/v2\/users\/2"}],"replies":[{"embeddable":true,"href":"https:\/\/www.shivayoga.at\/index.php?rest_route=%2Fwp%2Fv2%2Fcomments&post=367"}],"version-history":[{"count":4,"href":"https:\/\/www.shivayoga.at\/index.php?rest_route=\/wp\/v2\/pages\/367\/revisions"}],"predecessor-version":[{"id":377,"href":"https:\/\/www.shivayoga.at\/index.php?rest_route=\/wp\/v2\/pages\/367\/revisions\/377"}],"wp:attachment":[{"href":"https:\/\/www.shivayoga.at\/index.php?rest_route=%2Fwp%2Fv2%2Fmedia&parent=367"}],"curies":[{"name":"wp","href":"https:\/\/api.w.org\/{rel}","templated":true}]}}